{"id":302,"date":"2024-09-25T08:18:13","date_gmt":"2024-09-25T08:18:13","guid":{"rendered":"https:\/\/pilisfish.ro\/?page_id=302"},"modified":"2025-02-21T15:13:52","modified_gmt":"2025-02-21T13:13:52","slug":"termeni-si-conditii","status":"publish","type":"page","link":"https:\/\/pilisfish.ro\/?page_id=302","title":{"rendered":"Termeni \u0219i Condi\u021bii"},"content":{"rendered":"\n<p>HedoniaCaviar.com utilizeaz\u0103 cookie-uri \u015fi tehnologii similare pentru a face navigarea mai pl\u0103cut\u0103 \u0219i mai u\u015foar\u0103. Prin intermediul acestora, colect\u0103m date care ne permit s\u0103 \u00een\u0163elegem modul \u00een care utilizatorii navigheaz\u0103 pe site \u015fi ne furnizeaz\u0103 informa\u0163ii care ne ajut\u0103 s\u0103 \u00eembun\u0103ta\u0163im siteul.<\/p>\n\n\n\n<p>Cookie-urile sunt fi\u015fiere de mici dimensiuni instalate automat pe dispozitivul t\u0103u. Informa\u0163iile re\u0163inute de acestea nu au caracter personal \u015fi nu sunt stocate date ce pot identifica utilizatorul. Cookie-urile colecteaz\u0103 informa\u0163ii despre paginile pe care le accesezi, c\u0103ut\u0103rile efectuate, istoricul de navigare, sistemul t\u0103u de operare, browser-ul t\u0103u, etc.<\/p>\n\n\n\n<p>Prin accesarea site-ului nostru, \u00ee\u0163i dai acordul pentru instalarea cookie-urilor.<\/p>\n\n\n\n<p><a href=\"https:\/\/pilisfish.ro\/?page_id=3\" data-type=\"link\" data-id=\"https:\/\/pilisfish.ro\/?page_id=3\"><mark style=\"background-color:rgba(0, 0, 0, 0)\" class=\"has-inline-color has-tertiary-color\">Politica de Confiden\u021bialitate<\/mark><\/a>   <a href=\"https:\/\/pilisfish.ro\/?page_id=322\" data-type=\"page\" data-id=\"322\"><mark style=\"background-color:rgba(0, 0, 0, 0)\" class=\"has-inline-color has-tertiary-color\">Politica de utilizare Cookies<\/mark><\/a><\/p>\n\n\n\n<p><\/p>\n","protected":false},"excerpt":{"rendered":"<p>HedoniaCaviar.com utilizeaz\u0103 cookie-uri \u015fi tehnologii similare pentru a face navigarea mai pl\u0103cut\u0103 \u0219i mai u\u015foar\u0103. [&hellip;]<\/p>\n","protected":false},"author":1,"featured_media":0,"parent":0,"menu_order":0,"comment_status":"closed","ping_status":"closed","template":"page-no-title","meta":{"_uag_custom_page_level_css":"","footnotes":""},"class_list":["post-302","page","type-page","status-publish","hentry"],"uagb_featured_image_src":{"full":false,"thumbnail":false,"medium":false,"medium_large":false,"large":false,"1536x1536":false,"2048x2048":false},"uagb_author_info":{"display_name":"pilisfish","author_link":"https:\/\/pilisfish.ro\/?author=1"},"uagb_comment_info":0,"uagb_excerpt":"HedoniaCaviar.com utilizeaz\u0103 cookie-uri \u015fi tehnologii similare pentru a face navigarea mai pl\u0103cut\u0103 \u0219i mai u\u015foar\u0103. [&hellip;]","_links":{"self":[{"href":"https:\/\/pilisfish.ro\/index.php?rest_route=\/wp\/v2\/pages\/302","targetHints":{"allow":["GET"]}}],"collection":[{"href":"https:\/\/pilisfish.ro\/index.php?rest_route=\/wp\/v2\/pages"}],"about":[{"href":"https:\/\/pilisfish.ro\/index.php?rest_route=\/wp\/v2\/types\/page"}],"author":[{"embeddable":true,"href":"https:\/\/pilisfish.ro\/index.php?rest_route=\/wp\/v2\/users\/1"}],"replies":[{"embeddable":true,"href":"https:\/\/pilisfish.ro\/index.php?rest_route=%2Fwp%2Fv2%2Fcomments&post=302"}],"version-history":[{"count":7,"href":"https:\/\/pilisfish.ro\/index.php?rest_route=\/wp\/v2\/pages\/302\/revisions"}],"predecessor-version":[{"id":331,"href":"https:\/\/pilisfish.ro\/index.php?rest_route=\/wp\/v2\/pages\/302\/revisions\/331"}],"wp:attachment":[{"href":"https:\/\/pilisfish.ro\/index.php?rest_route=%2Fwp%2Fv2%2Fmedia&parent=302"}],"curies":[{"name":"wp","href":"https:\/\/api.w.org\/{rel}","templated":true}]}}