{"id":44,"date":"2024-09-23T07:47:00","date_gmt":"2024-09-23T07:47:00","guid":{"rendered":"https:\/\/pilisfish.ro\/?page_id=44"},"modified":"2025-12-12T14:45:48","modified_gmt":"2025-12-12T12:45:48","slug":"contact","status":"publish","type":"page","link":"https:\/\/pilisfish.ro\/?page_id=44","title":{"rendered":"Contact"},"content":{"rendered":"\n<p><strong>Office<\/strong><br>+40 770464718    <br>office@pilisfish.ro<br>Str. \u0218colii, Nr. 21, Dichiseni, 917050, C\u0103l\u0103ra\u0219i, Rom\u00e2nia<\/p>\n\n\n\n<p><strong>V\u00e2nz\u0103ri<\/strong><br>+40\u00a00720543574<br>contact@pilisfish.ro<br>Str. \u0218colii, Nr. 21, Dichiseni, 917050, C\u0103l\u0103ra\u0219i, Rom\u00e2nia\u00a0<\/p>\n\n\n\n<div class=\"wp-block-uagb-forms uagb-forms__outer-wrap uagb-block-35abf792 uagb-forms__medium-btn\"><form class=\"uagb-forms-main-form\" method=\"post\" autocomplete=\"on\" name=\"uagb-form-35abf792\">\n<div class=\"wp-block-uagb-forms-name uagb-forms-name-wrap uagb-forms-field-set uagb-block-68efb02a\"><div class=\"uagb-forms-name-label required uagb-forms-input-label\" id=\"68efb02a\">Prenume<\/div><input type=\"text\" placeholder=\"Prenume\" required class=\"uagb-forms-name-input uagb-forms-input\" name=\"68efb02a\" autocomplete=\"given-name\"\/><\/div>\n\n\n\n<div class=\"wp-block-uagb-forms-name uagb-forms-name-wrap uagb-forms-field-set uagb-block-6113a72f\"><div class=\"uagb-forms-name-label required uagb-forms-input-label\" id=\"6113a72f\">Nume<\/div><input type=\"text\" placeholder=\"Nume\" required class=\"uagb-forms-name-input uagb-forms-input\" name=\"6113a72f\" autocomplete=\"family-name\"\/><\/div>\n\n\n\n<div class=\"wp-block-uagb-forms-email uagb-forms-email-wrap uagb-forms-field-set uagb-block-660bacee\"><div class=\"uagb-forms-email-label  uagb-forms-input-label\" id=\"660bacee\">Email<\/div><input type=\"email\" class=\"uagb-forms-email-input uagb-forms-input\" placeholder=\"cont@domeniu.ro\" name=\"660bacee\" autocomplete=\"email\"\/><\/div>\n\n\n\n<div class=\"wp-block-uagb-forms-textarea uagb-forms-textarea-wrap uagb-forms-field-set uagb-block-cd6909cf\"><div class=\"uagb-forms-textarea-label required uagb-forms-input-label\" id=\"cd6909cf\">Mesaj<\/div><textarea required class=\"uagb-forms-textarea-input uagb-forms-input\" rows=\"4\" placeholder=\"Mesajul dumneavoastra\" name=\"cd6909cf\" autocomplete=\"off\"><\/textarea><\/div>\n<div class=\"uagb-forms-form-hidden-data\"><input type=\"hidden\" class=\"uagb_forms_form_label\" value=\"Spectra Form\"\/><input type=\"hidden\" class=\"uagb_forms_form_id\" value=\"uagb-form-35abf792\"\/><\/div><div class=\"uagb-form-reacaptcha-error-35abf792\"><\/div><div class=\"uagb-forms-main-submit-button-wrap wp-block-button\"><button class=\"uagb-forms-main-submit-button wp-block-button__link\"><div class=\"uagb-forms-main-submit-button-text\">Trimite<\/div><\/button><\/div><\/form><div class=\"uagb-forms-success-message-35abf792 uagb-forms-submit-message-hide\"><span>The form has been submitted successfully!<\/span><\/div><div class=\"uagb-forms-failed-message-35abf792 uagb-forms-submit-message-hide\"><span>There has been some error while submitting the form. Please verify all form fields again.<\/span><\/div><\/div>\n","protected":false},"excerpt":{"rendered":"<p>Office+40 770464718 office@pilisfish.roStr. \u0218colii, Nr. 21, Dichiseni, 917050, C\u0103l\u0103ra\u0219i, Rom\u00e2nia V\u00e2nz\u0103ri+40\u00a00720543574contact@pilisfish.roStr. \u0218colii, Nr. 21, Dichiseni, [&hellip;]<\/p>\n","protected":false},"author":1,"featured_media":0,"parent":0,"menu_order":0,"comment_status":"closed","ping_status":"closed","template":"","meta":{"_uag_custom_page_level_css":"","footnotes":""},"class_list":["post-44","page","type-page","status-publish","hentry"],"uagb_featured_image_src":{"full":false,"thumbnail":false,"medium":false,"medium_large":false,"large":false,"1536x1536":false,"2048x2048":false},"uagb_author_info":{"display_name":"pilisfish","author_link":"https:\/\/pilisfish.ro\/?author=1"},"uagb_comment_info":0,"uagb_excerpt":"Office+40 770464718 office@pilisfish.roStr. \u0218colii, Nr. 21, Dichiseni, 917050, C\u0103l\u0103ra\u0219i, Rom\u00e2nia V\u00e2nz\u0103ri+40\u00a00720543574contact@pilisfish.roStr. \u0218colii, Nr. 21, Dichiseni, [&hellip;]","_links":{"self":[{"href":"https:\/\/pilisfish.ro\/index.php?rest_route=\/wp\/v2\/pages\/44","targetHints":{"allow":["GET"]}}],"collection":[{"href":"https:\/\/pilisfish.ro\/index.php?rest_route=\/wp\/v2\/pages"}],"about":[{"href":"https:\/\/pilisfish.ro\/index.php?rest_route=\/wp\/v2\/types\/page"}],"author":[{"embeddable":true,"href":"https:\/\/pilisfish.ro\/index.php?rest_route=\/wp\/v2\/users\/1"}],"replies":[{"embeddable":true,"href":"https:\/\/pilisfish.ro\/index.php?rest_route=%2Fwp%2Fv2%2Fcomments&post=44"}],"version-history":[{"count":4,"href":"https:\/\/pilisfish.ro\/index.php?rest_route=\/wp\/v2\/pages\/44\/revisions"}],"predecessor-version":[{"id":337,"href":"https:\/\/pilisfish.ro\/index.php?rest_route=\/wp\/v2\/pages\/44\/revisions\/337"}],"wp:attachment":[{"href":"https:\/\/pilisfish.ro\/index.php?rest_route=%2Fwp%2Fv2%2Fmedia&parent=44"}],"curies":[{"name":"wp","href":"https:\/\/api.w.org\/{rel}","templated":true}]}}