{"id":71,"date":"2024-09-23T09:34:37","date_gmt":"2024-09-23T09:34:37","guid":{"rendered":"https:\/\/pilisfish.ro\/?page_id=71"},"modified":"2024-09-23T12:34:36","modified_gmt":"2024-09-23T12:34:36","slug":"unitatea-de-procesare-si-ambalare","status":"publish","type":"page","link":"https:\/\/pilisfish.ro\/?page_id=71","title":{"rendered":"Unitatea de procesare \u0219i ambalare"},"content":{"rendered":"\n<p>Hala de procesare se \u00eentinde pe o suprafa\u021b\u0103 de cca 350 mp \u0219i poate procesa p\u00e2n\u0103 la 20 de tone de carne de sturion pe lun\u0103. Dot\u0103rile halei sunt \u00een ton cu cele mai moderne standarde \u0219i sunt menite s\u0103 ofere rezultate superioare la condi\u021bionarea \u0219i ambalarea preparatelor din carne de sturion, precum \u0219i a caviarului.<\/p>\n\n\n\n<p>Multe dintre opera\u021biunile care au loc \u00een hala de procesare se desf\u0103\u0219oar\u0103 manual (mai ales tran\u0219area sturionilor), pentru a putea asigura un control c\u00e2t mai bun \u0219i a putea maximiza calitatea produselor. Tot pentru o calitate superioar\u0103, la ferma de sturioni Hedonia facem tot posibilul ca timpul de la recoltarea pe\u0219telui \u0219i p\u00e2n\u0103 la ambalarea produsului finit s\u0103 fie minim.<\/p>\n\n\n\n<figure class=\"wp-block-image size-large\"><img loading=\"lazy\" decoding=\"async\" width=\"1024\" height=\"374\" src=\"https:\/\/pilisfish.ro\/wp-content\/uploads\/2024\/09\/HalaProcesare-1-1024x374.jpg\" alt=\"\" class=\"wp-image-85\" srcset=\"https:\/\/pilisfish.ro\/wp-content\/uploads\/2024\/09\/HalaProcesare-1-1024x374.jpg 1024w, https:\/\/pilisfish.ro\/wp-content\/uploads\/2024\/09\/HalaProcesare-1-300x110.jpg 300w, https:\/\/pilisfish.ro\/wp-content\/uploads\/2024\/09\/HalaProcesare-1-768x280.jpg 768w, https:\/\/pilisfish.ro\/wp-content\/uploads\/2024\/09\/HalaProcesare-1-1536x561.jpg 1536w, https:\/\/pilisfish.ro\/wp-content\/uploads\/2024\/09\/HalaProcesare-1.jpg 1920w\" sizes=\"auto, (max-width: 1024px) 100vw, 1024px\" \/><\/figure>\n\n\n\n<div class=\"wp-block-buttons is-layout-flex wp-block-buttons-is-layout-flex\">\n<div class=\"wp-block-button\"><a class=\"wp-block-button__link wp-element-button\" href=\"https:\/\/pilisfish.ro\/#Productie\">\u00cenapoi<\/a><\/div>\n<\/div>\n","protected":false},"excerpt":{"rendered":"<p>Hala de procesare se \u00eentinde pe o suprafa\u021b\u0103 de cca 350 mp \u0219i poate procesa [&hellip;]<\/p>\n","protected":false},"author":1,"featured_media":83,"parent":0,"menu_order":0,"comment_status":"closed","ping_status":"closed","template":"procesaresiambalare","meta":{"_uag_custom_page_level_css":"","footnotes":""},"class_list":["post-71","page","type-page","status-publish","has-post-thumbnail","hentry"],"uagb_featured_image_src":{"full":["https:\/\/pilisfish.ro\/wp-content\/uploads\/2024\/09\/HalaProcesare.jpg",1920,701,false],"thumbnail":["https:\/\/pilisfish.ro\/wp-content\/uploads\/2024\/09\/HalaProcesare-150x150.jpg",150,150,true],"medium":["https:\/\/pilisfish.ro\/wp-content\/uploads\/2024\/09\/HalaProcesare-300x110.jpg",300,110,true],"medium_large":["https:\/\/pilisfish.ro\/wp-content\/uploads\/2024\/09\/HalaProcesare-768x280.jpg",768,280,true],"large":["https:\/\/pilisfish.ro\/wp-content\/uploads\/2024\/09\/HalaProcesare-1024x374.jpg",1024,374,true],"1536x1536":["https:\/\/pilisfish.ro\/wp-content\/uploads\/2024\/09\/HalaProcesare-1536x561.jpg",1536,561,true],"2048x2048":["https:\/\/pilisfish.ro\/wp-content\/uploads\/2024\/09\/HalaProcesare.jpg",1920,701,false]},"uagb_author_info":{"display_name":"pilisfish","author_link":"https:\/\/pilisfish.ro\/?author=1"},"uagb_comment_info":0,"uagb_excerpt":"Hala de procesare se \u00eentinde pe o suprafa\u021b\u0103 de cca 350 mp \u0219i poate procesa [&hellip;]","_links":{"self":[{"href":"https:\/\/pilisfish.ro\/index.php?rest_route=\/wp\/v2\/pages\/71","targetHints":{"allow":["GET"]}}],"collection":[{"href":"https:\/\/pilisfish.ro\/index.php?rest_route=\/wp\/v2\/pages"}],"about":[{"href":"https:\/\/pilisfish.ro\/index.php?rest_route=\/wp\/v2\/types\/page"}],"author":[{"embeddable":true,"href":"https:\/\/pilisfish.ro\/index.php?rest_route=\/wp\/v2\/users\/1"}],"replies":[{"embeddable":true,"href":"https:\/\/pilisfish.ro\/index.php?rest_route=%2Fwp%2Fv2%2Fcomments&post=71"}],"version-history":[{"count":4,"href":"https:\/\/pilisfish.ro\/index.php?rest_route=\/wp\/v2\/pages\/71\/revisions"}],"predecessor-version":[{"id":95,"href":"https:\/\/pilisfish.ro\/index.php?rest_route=\/wp\/v2\/pages\/71\/revisions\/95"}],"wp:featuredmedia":[{"embeddable":true,"href":"https:\/\/pilisfish.ro\/index.php?rest_route=\/wp\/v2\/media\/83"}],"wp:attachment":[{"href":"https:\/\/pilisfish.ro\/index.php?rest_route=%2Fwp%2Fv2%2Fmedia&parent=71"}],"curies":[{"name":"wp","href":"https:\/\/api.w.org\/{rel}","templated":true}]}}